{"id":2,"date":"2013-08-08T09:32:51","date_gmt":"2013-08-08T09:32:51","guid":{"rendered":"http:\/\/weizerjournal.at\/?page_id=2"},"modified":"2013-08-13T17:48:42","modified_gmt":"2013-08-13T17:48:42","slug":"sample-page","status":"publish","type":"page","link":"https:\/\/weizerjournal.at\/","title":{"rendered":"Willkommen auf weizerjournal.at"},"content":{"rendered":"<p><img loading=\"lazy\" decoding=\"async\" class=\"size-full wp-image-394 alignright\" alt=\"nwbj_paper_start\" src=\"https:\/\/weizerjournal.at\/wp-content\/uploads\/2013\/08\/nwbj_paper_start.gif\" width=\"180\" height=\"270\" \/><\/p>\n<p>Seit mehr als 30 Jahren allmonatlich im ganzen Bezirk Weiz und jetzt auch wwweltwwweit zu lesen!<\/p>\n<p>Jeden Monat erhalten alle Haushalte im Bezirk Weiz die aktuelle Printausgabe des Neuen Weizer Bezirksjournals kostenlos zugestellt. Jetzt ist diese Ausgabe und noch vieles mehr auch weltweit verf\u00fcgbar, was besonders viele WeizerInnen au\u00dferhalb der Bezirksgrenzen freuen wird. \u00a0Neben der jeweils aktuellen Ausgabe finden Sie hier auch ein Archiv fr\u00fcherer Ausgaben als pdf-Datei.<\/p>\n<p>Der redaktionelle Bereich unserer Online-Pr\u00e4senz teilt sich in zwei Bereiche, einerseits das schon erw\u00e4hnte Archiv mit vollst\u00e4ndigen pdf-Dateien aktueller und fr\u00fcherer Printausgaben und andererseits in die Galerie: Von vielen Veranstaltungen liegen uns oftmals weitaus mehr Fotos vor, als in der Printausgabe Verwendung finden k\u00f6nnen. Zu den Highlights unserer Printreportagen finden Sie daher nunmehr umfangreiche Fotogalerien, verlinkt mit der pdf-Seite der jeweiligen Reportage. Viel Vergn\u00fcgen beim Galeriebesuch!<\/p>\n","protected":false},"excerpt":{"rendered":"<p>Seit mehr als 30 Jahren allmonatlich im ganzen Bezirk Weiz und jetzt auch wwweltwwweit zu lesen! Jeden Monat erhalten alle Haushalte im Bezirk Weiz die aktuelle Printausgabe des Neuen Weizer Bezirksjournals kostenlos zugestellt. Jetzt ist diese Ausgabe und noch vieles &hellip;<\/p>\n<p class=\"read-more\"> <a class=\"more-link\" href=\"https:\/\/weizerjournal.at\/\"> <span class=\"screen-reader-text\">Willkommen auf weizerjournal.at<\/span> Weiterlesen &raquo;<\/a><\/p>\n","protected":false},"author":1,"featured_media":0,"parent":0,"menu_order":0,"comment_status":"closed","ping_status":"open","template":"","meta":{"footnotes":""},"class_list":["post-2","page","type-page","status-publish","hentry"],"_links":{"self":[{"href":"https:\/\/weizerjournal.at\/index.php?rest_route=\/wp\/v2\/pages\/2","targetHints":{"allow":["GET"]}}],"collection":[{"href":"https:\/\/weizerjournal.at\/index.php?rest_route=\/wp\/v2\/pages"}],"about":[{"href":"https:\/\/weizerjournal.at\/index.php?rest_route=\/wp\/v2\/types\/page"}],"author":[{"embeddable":true,"href":"https:\/\/weizerjournal.at\/index.php?rest_route=\/wp\/v2\/users\/1"}],"replies":[{"embeddable":true,"href":"https:\/\/weizerjournal.at\/index.php?rest_route=%2Fwp%2Fv2%2Fcomments&post=2"}],"version-history":[{"count":13,"href":"https:\/\/weizerjournal.at\/index.php?rest_route=\/wp\/v2\/pages\/2\/revisions"}],"predecessor-version":[{"id":6,"href":"https:\/\/weizerjournal.at\/index.php?rest_route=\/wp\/v2\/pages\/2\/revisions\/6"}],"wp:attachment":[{"href":"https:\/\/weizerjournal.at\/index.php?rest_route=%2Fwp%2Fv2%2Fmedia&parent=2"}],"curies":[{"name":"wp","href":"https:\/\/api.w.org\/{rel}","templated":true}]}}