{"id":403,"date":"2013-08-09T17:26:29","date_gmt":"2013-08-09T17:26:29","guid":{"rendered":"http:\/\/weizerjournal.at\/?page_id=403"},"modified":"2024-02-27T13:06:37","modified_gmt":"2024-02-27T13:06:37","slug":"kleinanzeigen-einreichen-2","status":"publish","type":"page","link":"https:\/\/weizerjournal.at\/?page_id=403","title":{"rendered":"Kleinanzeigen einreichen"},"content":{"rendered":"\n<p>WARTUNG &#8211; Der Kleinanzeigenbereich wird gerade \u00fcberarbeitet und ist bald wieder f\u00fcr Sie verf\u00fcgbar.<\/p>\n\n\n\n<p>Alternativ k\u00f6nnen Sie Ihre Kleinanzeige per mail an folgende Adresse &nbsp;\u00fcbermitteln: <a href=\"mailto:weizerjournal@gmail.com\">weizerjournal@gmail.com<\/a><\/p>\n","protected":false},"excerpt":{"rendered":"<p>WARTUNG &#8211; Der Kleinanzeigenbereich wird gerade \u00fcberarbeitet und ist bald wieder f\u00fcr Sie verf\u00fcgbar. Alternativ k\u00f6nnen Sie Ihre Kleinanzeige per mail an folgende Adresse &nbsp;\u00fcbermitteln: weizerjournal@gmail.com<\/p>\n","protected":false},"author":1,"featured_media":0,"parent":0,"menu_order":0,"comment_status":"closed","ping_status":"closed","template":"full-width-page.php","meta":{"footnotes":""},"class_list":["post-403","page","type-page","status-publish","hentry"],"_links":{"self":[{"href":"https:\/\/weizerjournal.at\/index.php?rest_route=\/wp\/v2\/pages\/403","targetHints":{"allow":["GET"]}}],"collection":[{"href":"https:\/\/weizerjournal.at\/index.php?rest_route=\/wp\/v2\/pages"}],"about":[{"href":"https:\/\/weizerjournal.at\/index.php?rest_route=\/wp\/v2\/types\/page"}],"author":[{"embeddable":true,"href":"https:\/\/weizerjournal.at\/index.php?rest_route=\/wp\/v2\/users\/1"}],"replies":[{"embeddable":true,"href":"https:\/\/weizerjournal.at\/index.php?rest_route=%2Fwp%2Fv2%2Fcomments&post=403"}],"version-history":[{"count":13,"href":"https:\/\/weizerjournal.at\/index.php?rest_route=\/wp\/v2\/pages\/403\/revisions"}],"predecessor-version":[{"id":3393,"href":"https:\/\/weizerjournal.at\/index.php?rest_route=\/wp\/v2\/pages\/403\/revisions\/3393"}],"wp:attachment":[{"href":"https:\/\/weizerjournal.at\/index.php?rest_route=%2Fwp%2Fv2%2Fmedia&parent=403"}],"curies":[{"name":"wp","href":"https:\/\/api.w.org\/{rel}","templated":true}]}}