{"id":476,"date":"2013-08-14T15:03:12","date_gmt":"2013-08-14T15:03:12","guid":{"rendered":"http:\/\/weizerjournal.at\/?page_id=476"},"modified":"2013-08-14T15:04:03","modified_gmt":"2013-08-14T15:04:03","slug":"axel-dobrowolny","status":"publish","type":"page","link":"https:\/\/weizerjournal.at\/?page_id=476","title":{"rendered":"Axel Dobrowolny"},"content":{"rendered":"<div title=\"Page 1\">\n<p><a href=\"https:\/\/weizerjournal.at\/wp-content\/uploads\/2013\/08\/axel_web.jpg\"><img loading=\"lazy\" decoding=\"async\" class=\"wp-image-439 alignright\" style=\"margin-left: 10px; margin-right: 10px;\" alt=\"axel_web\" src=\"https:\/\/weizerjournal.at\/wp-content\/uploads\/2013\/08\/axel_web.jpg\" width=\"84\" height=\"120\" \/><\/a>Geburtsdatum: 4.9.1974\u2028 in Graz,\u00a0verheiratet mit Michaela M. Dobrowolny (geb. Mondl)<br \/>\nSchulbildung:<br \/>\n\u2022 September 1981 &#8211; Juli 85: Volksschule\u2028\u2022Sept. 85 &#8211; Juli 93: Humanistisches Gymnasium der Stadt Weiz , Abschluss mit\u00a0Matura<\/p>\n<p>\u2022 1998 bis 2004 &#8211; berufsbegleitendes Studium \u201eMarketing\u201c mit den Studienrichtungen<br \/>\nSales\/Verkaufsmanagement und Internationale Gesch\u00e4ftst\u00e4tigkeit am Campus02<br \/>\nGraz, Abschluss als Magister (FH) f\u00fcr wirtschaftswissenschaftliche Berufe<\/p>\n<p>Beruflicher Werdegang:<br \/>\n\u2022 Okt. 93: Pr\u00e4senzdienst abgeleistet\u2028\u2022 seit 1990: (teilweise neben-, teilweise hauptberuflich): Freier Journalist &amp; Pressefotograf mit regelm\u00e4\u00dfiger T\u00e4tigkeit in verschiedenen steirischen Printmedien (Kleine Zeitung, Wirtschaftsnachrichten S\u00fcd, der neue grazer \/ der neue steirer, Neues Weizer Bezirksjournal, Weizer Zeitung,&#8230;.).<br \/>\n\u2022 1994 bis 1996: Angestellter sowie Assistent der Gesch\u00e4ftsf\u00fchrung und Marketing Manager im Sportartikelfachhandel (Sport &amp; Freizeit Handels GmbH &amp; CoKG \u2013mit Gesch\u00e4ftslokalen in Weiz, Gleisdorf und Frohnleiten), Leiter der Bereiche Marketing &#8211; Werbung, Public Relations, Eventmanagement<br \/>\n\u2022 Okt. &#8211; Dez. 96: Unternehmerakademie mit anschlie\u00dfender Unternehmerpr\u00fcfung am WIFI Weiz<br \/>\n\u2022 1996 &amp; 1997: Angestellter der Kleinen Zeitung (Styria-Verlag) im Bereich Marketing &amp; Verkauf<br \/>\n\u2022 1997 bis 2003: selbst\u00e4ndig als Gesch\u00e4ftsf\u00fchrer der Werbe- und Eventagentur MarkeDing<br \/>\n\u2022 1997 bis 2003: selbst\u00e4ndig als Gesch\u00e4ftsf\u00fchrer, Herausgeber und Co-Chefredakteur des Neuen Weizer Bezirksjournales<br \/>\n\u2022 1998 bis 2005: Firmenteilhaber und Konsulent der Gesch\u00e4ftsf\u00fchrung der Sport &amp; Freizeit Handels GmbH &amp; CoKG<br \/>\n\u2022 seit 1996 nebenberuflich als Berater, Trainer und Coach f\u00fcr verschiedene Unternehmungen, Vereine und Privatpersonen t\u00e4tig.<br \/>\n\u2022 2002 \u2013 2003, Gesch\u00e4ftsf\u00fchrer der Werbe- und Marketingagentur DobCom sowie gleichzeitig<br \/>\n\u2022 2002 \u2013 2003, Gesch\u00e4ftsf\u00fchrer der Radio S\u00fcd Ost Medien GmbH (Styria-Verlag), selbst\u00e4ndig<br \/>\n\u2022 2004, Chefredakteur &amp; Projektleiter der Wirtschaftsnachrichten S\u00fcd (Springer Verlag), angestellt<br \/>\n\u2022 seit 2005, Gesch\u00e4ftsf\u00fchrer von Dobrowolny Communication, selbst\u00e4ndig\u2028\u2022 seit 2005, Selbst\u00e4ndig als Coach und Trainer, Unternehmensberater,\u00a0zertifizierter Trainer in der Erwachsenenbildung (z.B. WIFI Steiermark, WIFI Burgenland)\u00a0und ganzheitlicher Coach (systemisch), selbst\u00e4ndig\u2028\u2022 seit 2005, Trainer f\u00fcr WIFI Steiermark und WIFI Burgenland (Marketing , Werbung, Verkauf,\u00a0Kommunikation, Rhetorik, Organisation, Mitarbeiterf\u00fchrung,&#8230;), selbst\u00e4ndig<br \/>\n\u2022 Mai 2006, Verleihung des Berufstitels \u201eDiplom-Kommunikationskaufmann\u201c und Verleihung des<br \/>\n\u00d6sterreichischen Qualit\u00e4tszertifikates f\u00fcr Werbeagenturen, selbst\u00e4ndig<br \/>\n\u2022 seit Juni 2009, Lektor am Institut f\u00fcr Hochschuldidaktik, Graz, verantwortlich f\u00fcr pers\u00f6nlichkeits\u00a0\ufffc \ufffc \ufffc \ufffc \ufffc \ufffc \ufffc \ufffc \ufffc \ufffc \ufffc \ufffc \ufffc \ufffc \ufffcbildendende Teile des Ausbildungsprogrammes \u201eAcademic Didactics\u201c, welches alle FH- LektorInnen des<br \/>\nFH Campus 02 verpflichtend zu absolvieren haben, selbst\u00e4ndig<br \/>\n\u2022 seit Mai 2010, Lektor am Campus 02, Graz, Studiengang IT- &amp; IT-Marketing,<br \/>\nPers\u00f6nlichkeitsentwicklung &#8211; Konfliktmanagement, selbst\u00e4ndig<br \/>\n\u2022 seit M\u00e4rz 2011, Gesch\u00e4ftsf\u00fchrer der IG Energieautarkie, selbst\u00e4ndige hauptamtliche T\u00e4tigkeit eines\u00a0Vereines dessen Gr\u00fcndung von der FG der Ingenieurb\u00fcros der WK Steiermark ausgeht,\u00a0selbst\u00e4ndig\u2028\u2022 seit November 2012, Lektor an der Donau-Universit\u00e4t Krems, Studiengang \u201eManager f\u00fcr nachhaltige Mobilit\u00e4t\u201c, Konfliktmanagement &#8211; Mediation, selbst\u00e4ndig<br \/>\n\u2022 seit J\u00e4nner 2013, Lehrgangsleiter und Dozent an der Donau-Universit\u00e4t Krems, Studiengang \u201eEnergie Autarkie Coach\u201c, Spezialgebiet: Marketing &amp; Positionierung, Kommunikation, selbst\u00e4ndig\u00a0Diverse Zusatzausbildungen:<br \/>\n\u2022 Fachhochschulstudium Marketing, Campus 02, Graz \u2013 Abschluss: Juli 2005<br \/>\n\u2022 Unternehmerakademie, WIFI Steiermark \u2013 Abschluss: Dezember 1996<br \/>\n\u2022 Zertifizierter Trainer in der Erwachsenenbildung, WIFI Steiermark \u2013 Abschluss: 08\/2005<br \/>\n\u2022 Systemischer Coach, WIFI Steiermark \u2013 Abschluss: 10\/2005<br \/>\n\u2022 Lehrgang f\u00fcr Werbung und Verkaufsf\u00f6rderung, WIFI Steiermark \u2013 Abschluss: 03\/1998<br \/>\n\u2022 NLP-Practitioner-Coach-Ausbildung an der NLP-Akademie Schweiz \u2013 Abschluss: 08\/2001<br \/>\n\u2022 Coaching Ausbildung am \u00d6sterreichischen Coaching-Institut f\u00fcr F\u00fchrungskr\u00e4fte in Wien \u2013 Abschluss: 06\/1998<br \/>\n\u2022 Ausbildung zum Investors In People \u2013 Advisor, 2008<br \/>\n\u2022 Stimm-, Moderations- und Gesangsausbildung \u2013 Prof. Dr. Josef P\u00f6schl &#8211; Abschluss: 07\/2003<br \/>\n\u2022 Rhetorik- und Pr\u00e4sentations-Ausbildung bei Joachim Bullermann \u2013 Abschluss: 03\/1999<br \/>\n\u2022 Telefontraining \u2013 richtiges Verhalten am Telefon, WIFI Ober\u00f6sterreich, Linz \u2013 Abschluss: April 1994<br \/>\n\u2022 Diverse Spezialseminare f\u00fcr Unternehmensf\u00fchrung, Handel, Kommunikation, Rhetorik und Pr\u00e4sentationstechnik, 1994-2004<br \/>\n\u2022 Staatl. gepr\u00fcfter Landesschilehrer mit Alpinausbildung \u2013 Abschluss: 04\/1997 \u2022 Staatl. gepr\u00fcfter Tennislehrwart \u2013 Abschluss: 03\/1997<br \/>\n\ufffc \ufffc \ufffc \ufffc \ufffc<br \/>\nHobbies &amp; Sport:<br \/>\nReisen, Lesen, Schauspiel &amp; Kabarett (selbst als Laienschauspieler w\u00e4hrend Schul- und Studienzeit), Literatur &amp; Musik, Gitarre &amp; Gesang (selbst noch aktiv)\u2028Sport (Bergsport, Segeln, Tennis, Basketball, Schifahren, Laufen), 5 Jahre als Spieler diverser steirischer Jugendauswahlen Basketball und Einberufung ins Kadetten \u2013 Nationalteam \u00d6sterreichischer Meister in der offenen Klasse im Hochsee-Segeln, 2012<\/p>\n<\/div>\n","protected":false},"excerpt":{"rendered":"<p>Geburtsdatum: 4.9.1974\u2028 in Graz,\u00a0verheiratet mit Michaela M. Dobrowolny (geb. Mondl) Schulbildung: \u2022 September 1981 &#8211; Juli 85: Volksschule\u2028\u2022Sept. 85 &#8211; Juli 93: Humanistisches Gymnasium der Stadt Weiz , Abschluss mit\u00a0Matura \u2022 1998 bis 2004 &#8211; berufsbegleitendes Studium \u201eMarketing\u201c mit den &hellip;<\/p>\n<p class=\"read-more\"> <a class=\"more-link\" href=\"https:\/\/weizerjournal.at\/?page_id=476\"> <span class=\"screen-reader-text\">Axel Dobrowolny<\/span> Weiterlesen &raquo;<\/a><\/p>\n","protected":false},"author":1,"featured_media":0,"parent":0,"menu_order":0,"comment_status":"closed","ping_status":"closed","template":"","meta":{"footnotes":""},"class_list":["post-476","page","type-page","status-publish","hentry"],"_links":{"self":[{"href":"https:\/\/weizerjournal.at\/index.php?rest_route=\/wp\/v2\/pages\/476","targetHints":{"allow":["GET"]}}],"collection":[{"href":"https:\/\/weizerjournal.at\/index.php?rest_route=\/wp\/v2\/pages"}],"about":[{"href":"https:\/\/weizerjournal.at\/index.php?rest_route=\/wp\/v2\/types\/page"}],"author":[{"embeddable":true,"href":"https:\/\/weizerjournal.at\/index.php?rest_route=\/wp\/v2\/users\/1"}],"replies":[{"embeddable":true,"href":"https:\/\/weizerjournal.at\/index.php?rest_route=%2Fwp%2Fv2%2Fcomments&post=476"}],"version-history":[{"count":3,"href":"https:\/\/weizerjournal.at\/index.php?rest_route=\/wp\/v2\/pages\/476\/revisions"}],"predecessor-version":[{"id":479,"href":"https:\/\/weizerjournal.at\/index.php?rest_route=\/wp\/v2\/pages\/476\/revisions\/479"}],"wp:attachment":[{"href":"https:\/\/weizerjournal.at\/index.php?rest_route=%2Fwp%2Fv2%2Fmedia&parent=476"}],"curies":[{"name":"wp","href":"https:\/\/api.w.org\/{rel}","templated":true}]}}